{"id":12,"date":"2020-09-20T23:05:58","date_gmt":"2020-09-20T21:05:58","guid":{"rendered":"http:\/\/jerespire.fr\/?page_id=12"},"modified":"2021-07-09T12:43:28","modified_gmt":"2021-07-09T10:43:28","slug":"accueil","status":"publish","type":"page","link":"https:\/\/www.jerespire.fr\/","title":{"rendered":"Accueil"},"content":{"rendered":"<p>[et_pb_section fb_built=\u00a0\u00bb1&Prime; fullwidth=\u00a0\u00bbon\u00a0\u00bb next_background_color=\u00a0\u00bb#ffffff\u00a0\u00bb _builder_version=\u00a0\u00bb4.6.3&Prime; _module_preset=\u00a0\u00bbdefault\u00a0\u00bb background_color=\u00a0\u00bb#000000&Prime; module_alignment=\u00a0\u00bbcenter\u00a0\u00bb min_height=\u00a0\u00bb100%\u00a0\u00bb height=\u00a0\u00bb100%\u00a0\u00bb max_height=\u00a0\u00bb100%\u00a0\u00bb custom_margin=\u00a0\u00bb-62px||0px||false|false\u00a0\u00bb custom_padding=\u00a0\u00bb||0px||false|false\u00a0\u00bb bottom_divider_style=\u00a0\u00bbarrow3&Prime; bottom_divider_height=\u00a0\u00bb213px\u00a0\u00bb][et_pb_fullwidth_slider _builder_version=\u00a0\u00bb4.6.3&Prime; _module_preset=\u00a0\u00bbdefault\u00a0\u00bb body_font_size=\u00a0\u00bb32px\u00a0\u00bb background_enable_color=\u00a0\u00bboff\u00a0\u00bb background_enable_image=\u00a0\u00bboff\u00a0\u00bb background_position=\u00a0\u00bbtop_center\u00a0\u00bb background_repeat=\u00a0\u00bbrepeat\u00a0\u00bb background_blend=\u00a0\u00bbmultiply\u00a0\u00bb custom_button=\u00a0\u00bbon\u00a0\u00bb button_text_size=\u00a0\u00bb16px\u00a0\u00bb button_text_color=\u00a0\u00bb#ffffff\u00a0\u00bb module_alignment=\u00a0\u00bbcenter\u00a0\u00bb content_width=\u00a0\u00bb100%\u00a0\u00bb min_height=\u00a0\u00bb100%\u00a0\u00bb height=\u00a0\u00bb100%\u00a0\u00bb max_height=\u00a0\u00bb100%\u00a0\u00bb custom_margin=\u00a0\u00bb0px|0px|-122px|0px|false|false\u00a0\u00bb custom_padding=\u00a0\u00bb||31%||false|false\u00a0\u00bb hover_transition_duration=\u00a0\u00bb0ms\u00a0\u00bb button_text_shadow_style=\u00a0\u00bbpreset1&Prime; button_text_shadow_blur_strength=\u00a0\u00bb0.34em\u00a0\u00bb button_text_shadow_color=\u00a0\u00bbrgba(0,0,0,0)\u00a0\u00bb box_shadow_style_button=\u00a0\u00bbpreset1&Prime; box_shadow_color_button=\u00a0\u00bbrgba(0,0,0,0)\u00a0\u00bb button_bg_color__hover_enabled=\u00a0\u00bbon|hover\u00a0\u00bb button_bg_color__hover=\u00a0\u00bbrgba(0,0,0,0)\u00a0\u00bb button_bg_enable_color__hover=\u00a0\u00bbon\u00a0\u00bb button_bg_use_color_gradient__hover=\u00a0\u00bbon\u00a0\u00bb button_bg_color_gradient_start__hover=\u00a0\u00bbrgba(255,255,255,0.55)\u00a0\u00bb button_bg_color_gradient_end__hover=\u00a0\u00bbrgba(204,181,128,0)\u00a0\u00bb button_border_width__hover_enabled=\u00a0\u00bbon|hover\u00a0\u00bb button_border_color__hover_enabled=\u00a0\u00bbon|hover\u00a0\u00bb button_border_color__hover=\u00a0\u00bbrgba(0,0,0,0)\u00a0\u00bb button_bg_color_gradient_direction__hover=\u00a0\u00bb143deg\u00a0\u00bb button_text_color__hover_enabled=\u00a0\u00bbon|hover\u00a0\u00bb button_text_color__hover=\u00a0\u00bb#ffffff\u00a0\u00bb button_text_shadow_color__hover_enabled=\u00a0\u00bbon|desktop\u00a0\u00bb button_text_shadow_color__hover=\u00a0\u00bb#fef7ee\u00a0\u00bb box_shadow_color_button__hover_enabled=\u00a0\u00bbon|hover\u00a0\u00bb box_shadow_color_button__hover=\u00a0\u00bb#ffffff\u00a0\u00bb][et_pb_slide heading=\u00a0\u00bbGestion du Stress par la Ma\u00eetrise du Souffle\u00a0\u00bb _builder_version=\u00a0\u00bb4.6.3&Prime; _module_preset=\u00a0\u00bbdefault\u00a0\u00bb background_color=\u00a0\u00bbrgba(0,0,0,0)\u00a0\u00bb background_enable_color=\u00a0\u00bbon\u00a0\u00bb use_background_color_gradient=\u00a0\u00bbon\u00a0\u00bb background_color_gradient_start=\u00a0\u00bbrgba(204,174,142,0.61)\u00a0\u00bb background_color_gradient_end=\u00a0\u00bb#8bd6f8&Prime; background_image=\u00a0\u00bbhttps:\/\/www.jerespire.fr\/wp-content\/uploads\/2020\/09\/background_01_femme_jerespire.jpg\u00a0\u00bb background_enable_image=\u00a0\u00bbon\u00a0\u00bb background_blend=\u00a0\u00bbmultiply\u00a0\u00bb image__hover_enabled=\u00a0\u00bboff|desktop\u00a0\u00bb sticky_transition=\u00a0\u00bbon\u00a0\u00bb]<\/p>\n<p><span style=\"font-size: 17px;\"><\/span><\/p>\n<p>&nbsp;<\/p>\n<p>Bien respirer, c&rsquo;est savoir maintenir un \u00e9tat de calme int\u00e9rieur<br \/> <span><\/span><\/p>\n<p><span><\/span><\/p>\n<p>&nbsp;<\/p>\n<p>[\/et_pb_slide][\/et_pb_fullwidth_slider][\/et_pb_section][et_pb_section fb_built=\u00a0\u00bb1&Prime; _builder_version=\u00a0\u00bb4.6.3&Prime; _module_preset=\u00a0\u00bbdefault\u00a0\u00bb][et_pb_row column_structure=\u00a0\u00bb1_5,3_5,1_5&Prime; module_id=\u00a0\u00bbstart1&Prime; _builder_version=\u00a0\u00bb4.6.3&Prime; _module_preset=\u00a0\u00bbdefault\u00a0\u00bb animation_style=\u00a0\u00bbfade\u00a0\u00bb][et_pb_column type=\u00a0\u00bb1_5&Prime; _builder_version=\u00a0\u00bb4.6.3&Prime; _module_preset=\u00a0\u00bbdefault\u00a0\u00bb][\/et_pb_column][et_pb_column type=\u00a0\u00bb3_5&Prime; _builder_version=\u00a0\u00bb4.6.3&Prime; _module_preset=\u00a0\u00bbdefault\u00a0\u00bb][et_pb_image src=\u00a0\u00bbhttps:\/\/www.jerespire.fr\/wp-content\/uploads\/2020\/09\/logo-nathalie-copie.png\u00a0\u00bb title_text=\u00a0\u00bblogo nathalie copie\u00a0\u00bb admin_label=\u00a0\u00bbLogo vertical &#8211; La Maitrise du Souffle\u00a0\u00bb _builder_version=\u00a0\u00bb4.6.3&Prime; _module_preset=\u00a0\u00bbdefault\u00a0\u00bb width=\u00a0\u00bb52%\u00a0\u00bb module_alignment=\u00a0\u00bbcenter\u00a0\u00bb custom_margin=\u00a0\u00bb0px||||false|false\u00a0\u00bb][\/et_pb_image][et_pb_text _builder_version=\u00a0\u00bb4.6.3&Prime; _module_preset=\u00a0\u00bbdefault\u00a0\u00bb text_text_color=\u00a0\u00bb#ccb580&Prime; text_line_height=\u00a0\u00bb1em\u00a0\u00bb min_height=\u00a0\u00bb84px\u00a0\u00bb custom_padding=\u00a0\u00bb||19px|||\u00a0\u00bb]<\/p>\n<h1 style=\"text-align: center;\"><span style=\"color: #ccb580;\">Nathalie Marin<\/span><\/h1>\n<p style=\"text-align: center;\"><span style=\"color: #5b5958;\">Th\u00e9rapeute Respiratoire<\/span><\/p>\n<p>[\/et_pb_text][et_pb_divider divider_weight=\u00a0\u00bb5px\u00a0\u00bb _builder_version=\u00a0\u00bb4.6.3&Prime; _module_preset=\u00a0\u00bbdefault\u00a0\u00bb width=\u00a0\u00bb10%\u00a0\u00bb module_alignment=\u00a0\u00bbcenter\u00a0\u00bb][\/et_pb_divider][\/et_pb_column][et_pb_column type=\u00a0\u00bb1_5&Prime; _builder_version=\u00a0\u00bb4.6.3&Prime; _module_preset=\u00a0\u00bbdefault\u00a0\u00bb][\/et_pb_column][\/et_pb_row][et_pb_row _builder_version=\u00a0\u00bb4.6.3&Prime; _module_preset=\u00a0\u00bbdefault\u00a0\u00bb][et_pb_column type=\u00a0\u00bb4_4&Prime; _builder_version=\u00a0\u00bb4.6.3&Prime; _module_preset=\u00a0\u00bbdefault\u00a0\u00bb][et_pb_text _builder_version=\u00a0\u00bb4.6.3&Prime; _module_preset=\u00a0\u00bbdefault\u00a0\u00bb]<\/p>\n<p class=\"p1\"><span>\u00catre priv\u00e9 d&rsquo;air plus de 20 min entra\u00eene la mort &#8230; la raison est \u00e9vidente : la respiration nous apporte de l&rsquo;\u00e9nergie vitale\u00a0 \u00e0 chaque instant&#8230; \u00e0 chaque minute.\u00a0<\/span><\/p>\n<p class=\"p1\"><span>La respiration est notre besoin physiologique principal et par son importance, elle est le garant d&rsquo;une grande vitalit\u00e9 et d&rsquo;une bonne sant\u00e9.\u00a0<\/span><\/p>\n<p class=\"p1\" style=\"text-align: center;\"><span style=\"color: #ccb580;\"><strong>La qualit\u00e9 de votre vie d\u00e9pend de la qualit\u00e9 de votre respiration<\/strong><\/span><\/p>\n<p>Cependant, la plupart du temps, nous respirons de fa\u00e7on superficielle et automatique, ce qui n\u2019est pas une bonne chose. Un mauvais sch\u00e9ma respiratoire augmente les niveaux de stress, diminue notre vitalit\u00e9 et fragilise notre sant\u00e9.<\/p>\n<p>Apprendre \u00e0 ma\u00eetriser son souffle, c&rsquo;est apprendre \u00e0 utiliser sa respiration pour<\/p>\n<p>&gt; Avoir plus d&rsquo;\u00e9nergie en favorisant une meilleure oxyg\u00e9nation tissulaire<\/p>\n<p>&gt; Stimuler volontairement le syst\u00e8me nerveux parasympathique pour induire un \u00e9tat de rel\u00e2chement et de calme<\/p>\n<p>&gt; Mieux oxyg\u00e9ner son cerveau (gros consommateur d&rsquo;oxyg\u00e8ne) pour am\u00e9liorer ses facult\u00e9s psychiques tels la concentration, la m\u00e9morisation, l&rsquo;esprit d&rsquo;analyse<\/p>\n<p>[\/et_pb_text][\/et_pb_column][\/et_pb_row][et_pb_row _builder_version=\u00a0\u00bb4.6.3&Prime; _module_preset=\u00a0\u00bbdefault\u00a0\u00bb][et_pb_column type=\u00a0\u00bb4_4&Prime; _builder_version=\u00a0\u00bb4.6.3&Prime; _module_preset=\u00a0\u00bbdefault\u00a0\u00bb][et_pb_divider _builder_version=\u00a0\u00bb4.6.3&Prime; _module_preset=\u00a0\u00bbdefault\u00a0\u00bb][\/et_pb_divider][\/et_pb_column][\/et_pb_row][et_pb_row column_structure=\u00a0\u00bb1_2,1_2&Prime; _builder_version=\u00a0\u00bb4.6.3&Prime; _module_preset=\u00a0\u00bbdefault\u00a0\u00bb min_height=\u00a0\u00bb967px\u00a0\u00bb custom_margin=\u00a0\u00bb-53px||-178px||false|false\u00a0\u00bb custom_padding=\u00a0\u00bb||0px||false|false\u00a0\u00bb animation_style=\u00a0\u00bbfade\u00a0\u00bb][et_pb_column type=\u00a0\u00bb1_2&Prime; _builder_version=\u00a0\u00bb4.6.3&Prime; _module_preset=\u00a0\u00bbdefault\u00a0\u00bb][et_pb_image src=\u00a0\u00bbhttps:\/\/www.jerespire.fr\/wp-content\/uploads\/2020\/09\/nathalie_portrait_bg_1-copie.jpg\u00a0\u00bb title_text=\u00a0\u00bbnathalie_portrait_bg_1 copie\u00a0\u00bb module_id=\u00a0\u00bbabout-1&Prime; _builder_version=\u00a0\u00bb4.6.3&Prime; _module_preset=\u00a0\u00bbdefault\u00a0\u00bb animation_style=\u00a0\u00bbfade\u00a0\u00bb scroll_vertical_motion_enable=\u00a0\u00bbon\u00a0\u00bb scroll_vertical_motion=\u00a0\u00bb0|7|61|100|-1.5|0|-0.5&Prime; scroll_horizontal_motion=\u00a0\u00bb16|62|64|81|40|0|-27.5&Prime; scroll_fade_enable=\u00a0\u00bbon\u00a0\u00bb scroll_fade=\u00a0\u00bb0|13|62|100|0|100|0%\u00a0\u00bb scroll_rotating=\u00a0\u00bb0|12|42|100|90|0|0&Prime; scroll_blur_enable=\u00a0\u00bbon\u00a0\u00bb scroll_blur=\u00a0\u00bb0|7|18|100|14px|0px|0px\u00a0\u00bb][\/et_pb_image][\/et_pb_column][et_pb_column type=\u00a0\u00bb1_2&Prime; _builder_version=\u00a0\u00bb4.6.3&Prime; _module_preset=\u00a0\u00bbdefault\u00a0\u00bb scroll_vertical_motion=\u00a0\u00bb0|50|67|88|4|0|-26.5&Prime; scroll_fade_enable=\u00a0\u00bbon\u00a0\u00bb scroll_fade=\u00a0\u00bb0|45|84|100|0|100|0%\u00a0\u00bb][et_pb_text admin_label=\u00a0\u00bbsur-titre_manuscrit\u00a0\u00bb _builder_version=\u00a0\u00bb4.6.3&Prime; _module_preset=\u00a0\u00bbdefault\u00a0\u00bb text_font=\u00a0\u00bbGloria Hallelujah||||||||\u00a0\u00bb text_text_color=\u00a0\u00bb#5b5958&Prime; text_font_size=\u00a0\u00bb30px\u00a0\u00bb text_letter_spacing=\u00a0\u00bb2px\u00a0\u00bb min_height=\u00a0\u00bb45px\u00a0\u00bb custom_margin=\u00a0\u00bb122px|||0px|false|false\u00a0\u00bb custom_padding=\u00a0\u00bb2px||32px|0px|false|false\u00a0\u00bb animation_style=\u00a0\u00bbfade\u00a0\u00bb]<\/p>\n<p>Mieux Respirer, pour Mieux Vivre<\/p>\n<p>[\/et_pb_text][et_pb_text admin_label=\u00a0\u00bbTitre_slogan\u00a0\u00bb _builder_version=\u00a0\u00bb4.6.3&Prime; _module_preset=\u00a0\u00bbdefault\u00a0\u00bb text_text_color=\u00a0\u00bb#ccb580&Prime; text_line_height=\u00a0\u00bb1em\u00a0\u00bb min_height=\u00a0\u00bb84px\u00a0\u00bb custom_padding=\u00a0\u00bb||19px|||\u00a0\u00bb animation_style=\u00a0\u00bbfade\u00a0\u00bb]<\/p>\n<h1><span style=\"color: #ccb580;\">Nathalie Marin<\/span><\/h1>\n<p dir=\"ltr\"><strong>Th\u00e9rapeute respiratoire<\/strong><\/p>\n<p>[\/et_pb_text][et_pb_divider divider_weight=\u00a0\u00bb5px\u00a0\u00bb admin_label=\u00a0\u00bbseparateur-titre\u00a0\u00bb _builder_version=\u00a0\u00bb4.6.3&Prime; _module_preset=\u00a0\u00bbdefault\u00a0\u00bb width=\u00a0\u00bb10%\u00a0\u00bb animation_style=\u00a0\u00bbfade\u00a0\u00bb][\/et_pb_divider][et_pb_text admin_label=\u00a0\u00bbtexte-paragraphe\u00a0\u00bb _builder_version=\u00a0\u00bb4.6.3&Prime; _module_preset=\u00a0\u00bbdefault\u00a0\u00bb text_text_color=\u00a0\u00bb#5b5958&Prime; animation_style=\u00a0\u00bbfade\u00a0\u00bb]<\/p>\n<p dir=\"ltr\"><span>Co-fondatrice de Physioquanta pendant 15 ans, pionnier dans l&rsquo;innovation sant\u00e9 par la diffusion de biotechnologies de soin r\u00e9g\u00e9n\u00e9rants et pr\u00e9ventifs aupr\u00e8s de milliers de professionnels de la sant\u00e9, Nathalie MARIN est aujourd&rsquo;hui experte en la ma\u00eetrise du souffle pour g\u00e9rer son stress et sa vitalit\u00e9.\u00a0<\/span><\/p>\n<p>[\/et_pb_text][et_pb_button button_url=\u00a0\u00bbhttps:\/\/www.jerespire.fr\/index.php\/a-propos\/parcours\/\u00a0\u00bb button_text=\u00a0\u00bbD\u00e9couvrir son parcours\u00a0\u00bb button_alignment=\u00a0\u00bbleft\u00a0\u00bb admin_label=\u00a0\u00bbbtn-light-rounded\u00a0\u00bb _builder_version=\u00a0\u00bb4.6.3&Prime; _module_preset=\u00a0\u00bbdefault\u00a0\u00bb custom_button=\u00a0\u00bbon\u00a0\u00bb button_text_size=\u00a0\u00bb15px\u00a0\u00bb button_text_color=\u00a0\u00bb#ccb580&Prime; button_bg_color=\u00a0\u00bbrgba(0,0,0,0)\u00a0\u00bb button_border_color=\u00a0\u00bb#ccb580&Prime; button_border_radius=\u00a0\u00bb42px\u00a0\u00bb button_letter_spacing=\u00a0\u00bb0px\u00a0\u00bb button_icon_color=\u00a0\u00bb#5b5958&Prime; animation_style=\u00a0\u00bbzoom\u00a0\u00bb][\/et_pb_button][et_pb_button button_url=\u00a0\u00bb#ancre2&Prime; button_text=\u00a0\u00bb  \u00a0\u00bb button_alignment=\u00a0\u00bbleft\u00a0\u00bb admin_label=\u00a0\u00bbbtn-down-scroll\u00a0\u00bb _builder_version=\u00a0\u00bb4.6.3&Prime; _module_preset=\u00a0\u00bbdefault\u00a0\u00bb custom_button=\u00a0\u00bbon\u00a0\u00bb button_text_color=\u00a0\u00bbrgba(0,0,0,0)\u00a0\u00bb button_border_radius=\u00a0\u00bb67px\u00a0\u00bb button_icon=\u00a0\u00bb%%22%%\u00a0\u00bb button_icon_color=\u00a0\u00bb#0c71c3&Prime; button_icon_placement=\u00a0\u00bbleft\u00a0\u00bb button_on_hover=\u00a0\u00bboff\u00a0\u00bb custom_margin=\u00a0\u00bb14px|||87px|false|false\u00a0\u00bb custom_padding=\u00a0\u00bb0px|0px|29px|30px|false|false\u00a0\u00bb animation_style=\u00a0\u00bbfade\u00a0\u00bb animation_duration=\u00a0\u00bb2000ms\u00a0\u00bb animation_delay=\u00a0\u00bb250ms\u00a0\u00bb animation_speed_curve=\u00a0\u00bbease\u00a0\u00bb animation_repeat=\u00a0\u00bbloop\u00a0\u00bb scroll_fade_enable=\u00a0\u00bbon\u00a0\u00bb scroll_fade=\u00a0\u00bb0|3|85|100|0|100|0%\u00a0\u00bb][\/et_pb_button][\/et_pb_column][\/et_pb_row][et_pb_row column_structure=\u00a0\u00bb1_2,1_2&Prime; use_custom_gutter=\u00a0\u00bbon\u00a0\u00bb gutter_width=\u00a0\u00bb1&Prime; make_equal=\u00a0\u00bbon\u00a0\u00bb admin_label=\u00a0\u00bbMaitriser  la respiration dynamique &#8211; Accueil\u00a0\u00bb _builder_version=\u00a0\u00bb4.6.3&Prime; _module_preset=\u00a0\u00bbdefault\u00a0\u00bb background_enable_color=\u00a0\u00bboff\u00a0\u00bb use_background_color_gradient=\u00a0\u00bbon\u00a0\u00bb background_color_gradient_start=\u00a0\u00bbrgba(0,0,0,0.07)\u00a0\u00bb background_color_gradient_end=\u00a0\u00bbrgba(0,0,0,0)\u00a0\u00bb parallax=\u00a0\u00bbon\u00a0\u00bb width=\u00a0\u00bb100%\u00a0\u00bb max_width=\u00a0\u00bb100%\u00a0\u00bb module_alignment=\u00a0\u00bbcenter\u00a0\u00bb height=\u00a0\u00bb100%\u00a0\u00bb custom_margin=\u00a0\u00bb-67px|0px||0px|false|false\u00a0\u00bb custom_padding=\u00a0\u00bb0px|0px||0px|false|false\u00a0\u00bb border_style_all=\u00a0\u00bbdashed\u00a0\u00bb border_color_right=\u00a0\u00bb#ccb580&Prime; border_style_right=\u00a0\u00bbinset\u00a0\u00bb collapsed=\u00a0\u00bbon\u00a0\u00bb][et_pb_column type=\u00a0\u00bb1_2&Prime; _builder_version=\u00a0\u00bb4.6.3&Prime; _module_preset=\u00a0\u00bbdefault\u00a0\u00bb background_enable_color=\u00a0\u00bboff\u00a0\u00bb custom_padding=\u00a0\u00bb150px|0px|150px|0px|false|false\u00a0\u00bb hover_enabled=\u00a0\u00bb0&Prime; box_shadow_style=\u00a0\u00bbpreset1&Prime; box_shadow_horizontal=\u00a0\u00bb-25px\u00a0\u00bb box_shadow_vertical=\u00a0\u00bb16px\u00a0\u00bb box_shadow_blur=\u00a0\u00bb50px\u00a0\u00bb sticky_enabled=\u00a0\u00bb0&Prime;][et_pb_text _builder_version=\u00a0\u00bb4.6.3&Prime; _module_preset=\u00a0\u00bbdefault\u00a0\u00bb text_font=\u00a0\u00bbGloria Hallelujah||||||||\u00a0\u00bb text_text_color=\u00a0\u00bb#5b5958&Prime; text_font_size=\u00a0\u00bb30px\u00a0\u00bb text_letter_spacing=\u00a0\u00bb2px\u00a0\u00bb width=\u00a0\u00bb80%\u00a0\u00bb module_alignment=\u00a0\u00bbcenter\u00a0\u00bb custom_margin=\u00a0\u00bb-40px||0px||false|false\u00a0\u00bb custom_padding=\u00a0\u00bb0px||9px|0px|false|false\u00a0\u00bb]<\/p>\n<p>C&rsquo;est maintenant<\/p>\n<p>[\/et_pb_text][et_pb_divider divider_weight=\u00a0\u00bb4px\u00a0\u00bb _builder_version=\u00a0\u00bb4.6.3&Prime; _module_preset=\u00a0\u00bbdefault\u00a0\u00bb width=\u00a0\u00bb10%\u00a0\u00bb module_alignment=\u00a0\u00bbleft\u00a0\u00bb custom_margin=\u00a0\u00bb13px|||0px|false|false\u00a0\u00bb custom_padding=\u00a0\u00bb|||122px|false|false\u00a0\u00bb][\/et_pb_divider][et_pb_text _builder_version=\u00a0\u00bb4.6.3&Prime; _module_preset=\u00a0\u00bbdefault\u00a0\u00bb text_font=\u00a0\u00bbMontserrat|300|||||||\u00a0\u00bb text_font_size=\u00a0\u00bb16px\u00a0\u00bb width=\u00a0\u00bb80%\u00a0\u00bb module_alignment=\u00a0\u00bbcenter\u00a0\u00bb custom_margin=\u00a0\u00bb7px|||||\u00a0\u00bb]<\/p>\n<p>En une seule s\u00e9ance, vous conna\u00eetrez les outils pour cr\u00e9er et maintenir un \u00e9tat de calme int\u00e9rieur, qui sera le garant de votre vitalit\u00e9 et de votre sant\u00e9.\u00a0<\/p>\n<p>La d\u00e9tente et le rel\u00e2chement vous procurent un profond \u00e9tat de bien-\u00eatre au quotidien.<\/p>\n<p>En changeant votre respiration, vous changerez votre vie.<\/p>\n<p>N&rsquo;attendez plus et contactez-moi d\u00e8s \u00e0 pr\u00e9sent. Je me ferais un plaisir de vous r\u00e9pondre.\u00a0<\/p>\n<p>S\u00e9ance propos\u00e9e en pr\u00e9sentiel \u00e0 La Grande Motte (34) ou \u00e0 distance par t\u00e9l\u00e9phone.<\/p>\n<p>[\/et_pb_text][et_pb_button button_url=\u00a0\u00bbhttps:\/\/www.jerespire.fr\/index.php\/contact\/\u00a0\u00bb button_text=\u00a0\u00bbContactez-moi\u00a0\u00bb button_alignment=\u00a0\u00bbcenter\u00a0\u00bb admin_label=\u00a0\u00bbbtn-light-rounded\u00a0\u00bb _builder_version=\u00a0\u00bb4.6.3&Prime; _module_preset=\u00a0\u00bbdefault\u00a0\u00bb custom_button=\u00a0\u00bbon\u00a0\u00bb button_text_size=\u00a0\u00bb15px\u00a0\u00bb button_text_color=\u00a0\u00bb#ccb580&Prime; button_bg_color=\u00a0\u00bbrgba(0,0,0,0)\u00a0\u00bb button_border_color=\u00a0\u00bb#ccb580&Prime; button_border_radius=\u00a0\u00bb42px\u00a0\u00bb button_letter_spacing=\u00a0\u00bb0px\u00a0\u00bb button_icon_color=\u00a0\u00bb#5b5958&Prime; animation_style=\u00a0\u00bbzoom\u00a0\u00bb][\/et_pb_button][\/et_pb_column][et_pb_column type=\u00a0\u00bb1_2&Prime; _builder_version=\u00a0\u00bb4.6.3&Prime; _module_preset=\u00a0\u00bbdefault\u00a0\u00bb background_color=\u00a0\u00bb#e09900&Prime; background_image=\u00a0\u00bbhttps:\/\/www.jerespire.fr\/wp-content\/uploads\/2020\/09\/yoga-instrcutor_81.jpg\u00a0\u00bb parallax=\u00a0\u00bbon\u00a0\u00bb custom_padding=\u00a0\u00bb0px|198px|||false|false\u00a0\u00bb][\/et_pb_column][\/et_pb_row][\/et_pb_section]<\/p>\n","protected":false},"excerpt":{"rendered":"<p>&nbsp; Bien respirer, c&rsquo;est savoir maintenir un \u00e9tat de calme int\u00e9rieur &nbsp;Nathalie Marin Th\u00e9rapeute Respiratoire\u00catre priv\u00e9 d&rsquo;air plus de 20 min entra\u00eene la mort &#8230; la raison est \u00e9vidente : la respiration nous apporte de l&rsquo;\u00e9nergie vitale\u00a0 \u00e0 chaque instant&#8230; \u00e0 chaque minute.\u00a0 La respiration est notre besoin physiologique principal et par son importance, elle [&hellip;]<\/p>\n","protected":false},"author":1,"featured_media":0,"parent":0,"menu_order":0,"comment_status":"closed","ping_status":"closed","template":"","meta":{"_et_pb_use_builder":"on","_et_pb_old_content":"","_et_gb_content_width":""},"_links":{"self":[{"href":"https:\/\/www.jerespire.fr\/index.php\/wp-json\/wp\/v2\/pages\/12"}],"collection":[{"href":"https:\/\/www.jerespire.fr\/index.php\/wp-json\/wp\/v2\/pages"}],"about":[{"href":"https:\/\/www.jerespire.fr\/index.php\/wp-json\/wp\/v2\/types\/page"}],"author":[{"embeddable":true,"href":"https:\/\/www.jerespire.fr\/index.php\/wp-json\/wp\/v2\/users\/1"}],"replies":[{"embeddable":true,"href":"https:\/\/www.jerespire.fr\/index.php\/wp-json\/wp\/v2\/comments?post=12"}],"version-history":[{"count":144,"href":"https:\/\/www.jerespire.fr\/index.php\/wp-json\/wp\/v2\/pages\/12\/revisions"}],"predecessor-version":[{"id":1263,"href":"https:\/\/www.jerespire.fr\/index.php\/wp-json\/wp\/v2\/pages\/12\/revisions\/1263"}],"wp:attachment":[{"href":"https:\/\/www.jerespire.fr\/index.php\/wp-json\/wp\/v2\/media?parent=12"}],"curies":[{"name":"wp","href":"https:\/\/api.w.org\/{rel}","templated":true}]}}